{"id":11,"date":"2015-08-22T02:04:53","date_gmt":"2015-08-22T00:04:53","guid":{"rendered":"https:\/\/2015.cantabria.wordcamp.org\/?page_id=11"},"modified":"2015-11-06T02:20:54","modified_gmt":"2015-11-06T00:20:54","slug":"entradas","status":"publish","type":"page","link":"https:\/\/cantabria.wordcamp.org\/2015\/entradas\/","title":{"rendered":"Entradas"},"content":{"rendered":"<p>Tu entrada al congreso de <strong>WordCamp Cantabria 2015<\/strong> incluye:<\/p>\n<ul>\n<li>Acceso a las conferencias de #wccantabria (S\u00e1bado 7 de Noviembre).<\/li>\n<li>Almuerzo, caf\u00e9 y snacks durante el d\u00eda de conferencias.<\/li>\n<li>Acceso al d\u00eda de comunidad #wccantabria* (Domingo d\u00eda 8 de Noviembre).<\/li>\n<li>Acreditaci\u00f3n personalizada.<\/li>\n<li>Camiseta y otros regalos promocionales.<\/li>\n<\/ul>\n<p><strong>Micropatrocinio WordCamp Cantabria<\/strong><br \/>\nEs tu oportunidad de mostrarle al mundo tu amor por el evento. El Micropatrocinio es lo mismo que una entrada normal e incluye todo nuestro cari\u00f1o y gratitud. Tu nombre y logotipo aparecer\u00e1n en la web de WordCamp Cantabria cuando se publique el art\u00edculo de agradecimiento de los micropatrocinios.<\/p>\n<p>*Si quieres asistir al d\u00eda de comunidad (Contributor Day) m\u00e1rcalo cuando rellenes los datos para tu entrada.<\/p>\n<p>**Aunque la \u00fanica forma de pago sea PayPal, no necesitas cuenta para pagar, el sistema admite pago con tarjeta.<\/p>\n<a href=\"https:\/\/cantabria.wordcamp.org\/2015\/entradas\/\">Por favor, ve esta p\u00e1gina en un navegador para hacer una compra o gestionar entradas.<\/a>\n","protected":false},"excerpt":{"rendered":"<p>Tu entrada al congreso de WordCamp Cantabria 2015 incluye: Acceso a las conferencias de #wccantabria (S\u00e1bado 7 de Noviembre). Almuerzo, caf\u00e9 y snacks durante el d\u00eda de conferencias. Acceso al d\u00eda de comunidad #wccantabria* (Domingo d\u00eda 8 de Noviembre). Acreditaci\u00f3n &hellip; <a href=\"https:\/\/cantabria.wordcamp.org\/2015\/entradas\/\">Sigue leyendo <span class=\"assistive-text\">Entradas<\/span>  <span class=\"meta-nav\">&rarr;<\/span><\/a><\/p>\n","protected":false},"author":13485958,"featured_media":0,"parent":0,"menu_order":0,"comment_status":"closed","ping_status":"closed","template":"","meta":{"_crdt_document":"","jetpack_post_was_ever_published":false,"footnotes":""},"class_list":["post-11","page","type-page","status-publish","hentry"],"jetpack_sharing_enabled":false,"jetpack_shortlink":"https:\/\/wp.me\/P6mMu2-b","_links":{"self":[{"href":"https:\/\/cantabria.wordcamp.org\/2015\/wp-json\/wp\/v2\/pages\/11","targetHints":{"allow":["GET"]}}],"collection":[{"href":"https:\/\/cantabria.wordcamp.org\/2015\/wp-json\/wp\/v2\/pages"}],"about":[{"href":"https:\/\/cantabria.wordcamp.org\/2015\/wp-json\/wp\/v2\/types\/page"}],"replies":[{"embeddable":true,"href":"https:\/\/cantabria.wordcamp.org\/2015\/wp-json\/wp\/v2\/comments?post=11"}],"version-history":[{"count":3,"href":"https:\/\/cantabria.wordcamp.org\/2015\/wp-json\/wp\/v2\/pages\/11\/revisions"}],"predecessor-version":[{"id":1035,"href":"https:\/\/cantabria.wordcamp.org\/2015\/wp-json\/wp\/v2\/pages\/11\/revisions\/1035"}],"author":[{"embeddable":true,"href":"https:\/\/cantabria.wordcamp.org\/2015\/wp-json\/wporg\/v1\/users\/balfer"}],"wp:attachment":[{"href":"https:\/\/cantabria.wordcamp.org\/2015\/wp-json\/wp\/v2\/media?parent=11"}],"curies":[{"name":"wp","href":"https:\/\/api.w.org\/{rel}","templated":true}]}}